{"id":2494,"date":"2016-03-09T05:41:44","date_gmt":"2016-03-09T05:41:44","guid":{"rendered":"https:\/\/demo2.chethemes.com\/electro\/?page_id=2494"},"modified":"2021-02-22T18:43:55","modified_gmt":"2021-02-22T14:43:55","slug":"about","status":"publish","type":"page","link":"https:\/\/sonifer.az\/?page_id=2494","title":{"rendered":"Haqq\u0131m\u0131zda"},"content":{"rendered":"<div id=\"plusSub-overlay-highlight\" style=\"position: absolute; z-index: 9999; background-color: rgba(40, 58, 90, 0.8); width: var(--plusSub-video-highlight-width, 0px); height: var(--plusSub-video-highlight-height, 0px); top: var(--plusSub-video-highlight-top, 0px); left: var(--plusSub-video-highlight-left, 0px);\"><\/div>\n<p>[vc_row][vc_column][vc_raw_html]JTNDc3R5bGUlMjB0eXBlJTNEJTIydGV4dCUyRmNzcyUyMiUzRS5wYWdlJTIwLmVudHJ5LWhlYWRlci5oZWFkZXItd2l0aC1jb3Zlci1pbWFnZSUyMCU3QiUyMGJhY2tncm91bmQtcG9zaXRpb24lM0ElMjBjZW50ZXIlMjAtMTU3cHglM0IlMjAlN0QlM0MlMkZzdHlsZSUzRQ==[\/vc_raw_html][vc_text_separator title=&#8221;HAQQIMIZDA&#8221; color=&#8221;black&#8221; border_width=&#8221;2&#8243;][vc_column_text]<\/p>\n<h5>Biz Sonifer \u00a0Ma\u011fazas\u0131 olaraq m\u0259\u015fhur markalar\u0131n\u0131n sat\u0131\u015f\u0131n\u0131 v\u0259 sat\u0131\u015f sonras\u0131 servisini h\u0259yata ke\u00e7iririk.<\/h5>\n<h5>Bu g\u00fcn Sonifer \u00f6z\u00fcn\u0259m\u0259xsus m\u0259hsul \u00e7e\u015fidini, y\u00fcks\u0259k keyfiyy\u0259tli, \u0259la xidm\u0259t v\u0259 c\u0259lbedici qiym\u0259tl\u0259ri \u00f6z\u00fcnd\u0259 birl\u0259\u015fdirir.<\/h5>\n<h5>\u015eirk\u0259tin m\u0259qs\u0259di Bak\u0131da v\u0259 Az\u0259rbaycanda elektronika v\u0259 m\u0259i\u015f\u0259t texnikas\u0131, sat\u0131\u015f\u0131nda u\u011fur v\u0259 tan\u0131nma\u011fa nail olmaqd\u0131r.<\/h5>\n<h5>Bu m\u0259qs\u0259d\u0259 \u00e7atmaq y\u00fcks\u0259k keyfiyy\u0259tli xidm\u0259t\u0259, rahatl\u0131\u011f\u0131 v\u0259 q\u00fcsursuz keyfiyy\u0259ti qiym\u0259tl\u0259ndir\u0259n h\u0259r bir m\u00fc\u015ft\u0259riy\u0259 f\u0259rdi yana\u015fmaya \u0259saslan\u0131r.<\/h5>\n<p>[\/vc_column_text][\/vc_column][\/vc_row][vc_row][vc_column][vc_single_image image=&#8221;6327&#8243; img_size=&#8221;large&#8221;][\/vc_column][\/vc_row]<\/p>\n","protected":false},"excerpt":{"rendered":"<p>[vc_row][vc_column][vc_raw_html]JTNDc3R5bGUlMjB0eXBlJTNEJTIydGV4dCUyRmNzcyUyMiUzRS5wYWdlJTIwLmVudHJ5LWhlYWRlci5oZWFkZXItd2l0aC1jb3Zlci1pbWFnZSUyMCU3QiUyMGJhY2tncm91bmQtcG9zaXRpb24lM0ElMjBjZW50ZXIlMjAtMTU3cHglM0IlMjAlN0QlM0MlMkZzdHlsZSUzRQ==[\/vc_raw_html][vc_text_separator title=&#8221;HAQQIMIZDA&#8221; color=&#8221;black&#8221; border_width=&#8221;2&#8243;][vc_column_text] Biz Sonifer \u00a0Ma\u011fazas\u0131 olaraq m\u0259\u015fhur markalar\u0131n\u0131n sat\u0131\u015f\u0131n\u0131 v\u0259 sat\u0131\u015f sonras\u0131 servisini h\u0259yata ke\u00e7iririk. Bu g\u00fcn Sonifer \u00f6z\u00fcn\u0259m\u0259xsus m\u0259hsul \u00e7e\u015fidini, y\u00fcks\u0259k keyfiyy\u0259tli, \u0259la xidm\u0259t v\u0259 c\u0259lbedici qiym\u0259tl\u0259ri<\/p>\n","protected":false},"author":846,"featured_media":0,"parent":0,"menu_order":0,"comment_status":"closed","ping_status":"closed","template":"","meta":[],"_links":{"self":[{"href":"https:\/\/sonifer.az\/index.php?rest_route=\/wp\/v2\/pages\/2494"}],"collection":[{"href":"https:\/\/sonifer.az\/index.php?rest_route=\/wp\/v2\/pages"}],"about":[{"href":"https:\/\/sonifer.az\/index.php?rest_route=\/wp\/v2\/types\/page"}],"author":[{"embeddable":true,"href":"https:\/\/sonifer.az\/index.php?rest_route=\/wp\/v2\/users\/846"}],"replies":[{"embeddable":true,"href":"https:\/\/sonifer.az\/index.php?rest_route=%2Fwp%2Fv2%2Fcomments&post=2494"}],"version-history":[{"count":20,"href":"https:\/\/sonifer.az\/index.php?rest_route=\/wp\/v2\/pages\/2494\/revisions"}],"predecessor-version":[{"id":6418,"href":"https:\/\/sonifer.az\/index.php?rest_route=\/wp\/v2\/pages\/2494\/revisions\/6418"}],"wp:attachment":[{"href":"https:\/\/sonifer.az\/index.php?rest_route=%2Fwp%2Fv2%2Fmedia&parent=2494"}],"curies":[{"name":"wp","href":"https:\/\/api.w.org\/{rel}","templated":true}]}}