{"id":5716,"date":"2020-09-09T11:14:41","date_gmt":"2020-09-09T11:14:41","guid":{"rendered":"http:\/\/sonifer.az\/?post_type=product&#038;p=5716"},"modified":"2020-09-09T11:16:19","modified_gmt":"2020-09-09T11:16:19","slug":"buxarli-utu-sonifer-sf-9061","status":"publish","type":"product","link":"https:\/\/sonifer.az\/?product=buxarli-utu-sonifer-sf-9061","title":{"rendered":"Buxarl\u0131 \u00fct\u00fc Sonifer SF-9061"},"content":{"rendered":"","protected":false},"excerpt":{"rendered":"","protected":false},"featured_media":5717,"template":"","meta":[],"product_cat":[241],"product_tag":[],"_links":{"self":[{"href":"https:\/\/sonifer.az\/index.php?rest_route=\/wp\/v2\/product\/5716"}],"collection":[{"href":"https:\/\/sonifer.az\/index.php?rest_route=\/wp\/v2\/product"}],"about":[{"href":"https:\/\/sonifer.az\/index.php?rest_route=\/wp\/v2\/types\/product"}],"wp:featuredmedia":[{"embeddable":true,"href":"https:\/\/sonifer.az\/index.php?rest_route=\/wp\/v2\/media\/5717"}],"wp:attachment":[{"href":"https:\/\/sonifer.az\/index.php?rest_route=%2Fwp%2Fv2%2Fmedia&parent=5716"}],"wp:term":[{"taxonomy":"product_cat","embeddable":true,"href":"https:\/\/sonifer.az\/index.php?rest_route=%2Fwp%2Fv2%2Fproduct_cat&post=5716"},{"taxonomy":"product_tag","embeddable":true,"href":"https:\/\/sonifer.az\/index.php?rest_route=%2Fwp%2Fv2%2Fproduct_tag&post=5716"}],"curies":[{"name":"wp","href":"https:\/\/api.w.org\/{rel}","templated":true}]}}