{"id":6552,"date":"2021-06-04T14:19:39","date_gmt":"2021-06-04T10:19:39","guid":{"rendered":"https:\/\/sonifer.az\/?post_type=product&#038;p=6552"},"modified":"2021-06-04T14:19:40","modified_gmt":"2021-06-04T10:19:40","slug":"dograyici-sonifer-sf-8058","status":"publish","type":"product","link":"https:\/\/sonifer.az\/?product=dograyici-sonifer-sf-8058","title":{"rendered":"Do\u011fray\u0131c\u0131 Sonifer SF-8058"},"content":{"rendered":"","protected":false},"excerpt":{"rendered":"","protected":false},"featured_media":6553,"template":"","meta":[],"product_cat":[236],"product_tag":[],"_links":{"self":[{"href":"https:\/\/sonifer.az\/index.php?rest_route=\/wp\/v2\/product\/6552"}],"collection":[{"href":"https:\/\/sonifer.az\/index.php?rest_route=\/wp\/v2\/product"}],"about":[{"href":"https:\/\/sonifer.az\/index.php?rest_route=\/wp\/v2\/types\/product"}],"wp:featuredmedia":[{"embeddable":true,"href":"https:\/\/sonifer.az\/index.php?rest_route=\/wp\/v2\/media\/6553"}],"wp:attachment":[{"href":"https:\/\/sonifer.az\/index.php?rest_route=%2Fwp%2Fv2%2Fmedia&parent=6552"}],"wp:term":[{"taxonomy":"product_cat","embeddable":true,"href":"https:\/\/sonifer.az\/index.php?rest_route=%2Fwp%2Fv2%2Fproduct_cat&post=6552"},{"taxonomy":"product_tag","embeddable":true,"href":"https:\/\/sonifer.az\/index.php?rest_route=%2Fwp%2Fv2%2Fproduct_tag&post=6552"}],"curies":[{"name":"wp","href":"https:\/\/api.w.org\/{rel}","templated":true}]}}