{"id":6936,"date":"2022-01-09T23:36:07","date_gmt":"2022-01-09T19:36:07","guid":{"rendered":"https:\/\/sonifer.az\/?post_type=product&#038;p=6936"},"modified":"2022-01-09T23:36:07","modified_gmt":"2022-01-09T19:36:07","slug":"hamburger-hazirlayici-sonifer-sf-6099","status":"publish","type":"product","link":"https:\/\/sonifer.az\/?product=hamburger-hazirlayici-sonifer-sf-6099","title":{"rendered":"Hamburger haz\u0131rlay\u0131c\u0131 Sonifer SF-6099"},"content":{"rendered":"","protected":false},"excerpt":{"rendered":"","protected":false},"featured_media":6937,"template":"","meta":[],"product_cat":[235],"product_tag":[],"_links":{"self":[{"href":"https:\/\/sonifer.az\/index.php?rest_route=\/wp\/v2\/product\/6936"}],"collection":[{"href":"https:\/\/sonifer.az\/index.php?rest_route=\/wp\/v2\/product"}],"about":[{"href":"https:\/\/sonifer.az\/index.php?rest_route=\/wp\/v2\/types\/product"}],"wp:featuredmedia":[{"embeddable":true,"href":"https:\/\/sonifer.az\/index.php?rest_route=\/wp\/v2\/media\/6937"}],"wp:attachment":[{"href":"https:\/\/sonifer.az\/index.php?rest_route=%2Fwp%2Fv2%2Fmedia&parent=6936"}],"wp:term":[{"taxonomy":"product_cat","embeddable":true,"href":"https:\/\/sonifer.az\/index.php?rest_route=%2Fwp%2Fv2%2Fproduct_cat&post=6936"},{"taxonomy":"product_tag","embeddable":true,"href":"https:\/\/sonifer.az\/index.php?rest_route=%2Fwp%2Fv2%2Fproduct_tag&post=6936"}],"curies":[{"name":"wp","href":"https:\/\/api.w.org\/{rel}","templated":true}]}}