{"id":7218,"date":"2022-02-02T15:06:49","date_gmt":"2022-02-02T11:06:49","guid":{"rendered":"https:\/\/sonifer.az\/?post_type=product&#038;p=7218"},"modified":"2022-02-02T15:06:50","modified_gmt":"2022-02-02T11:06:50","slug":"buxarli-utu-sonifer-sf-9070","status":"publish","type":"product","link":"https:\/\/sonifer.az\/?product=buxarli-utu-sonifer-sf-9070","title":{"rendered":"Buxarl\u0131 \u00fct\u00fc Sonifer SF-9070"},"content":{"rendered":"","protected":false},"excerpt":{"rendered":"","protected":false},"featured_media":7219,"template":"","meta":[],"product_cat":[241],"product_tag":[],"_links":{"self":[{"href":"https:\/\/sonifer.az\/index.php?rest_route=\/wp\/v2\/product\/7218"}],"collection":[{"href":"https:\/\/sonifer.az\/index.php?rest_route=\/wp\/v2\/product"}],"about":[{"href":"https:\/\/sonifer.az\/index.php?rest_route=\/wp\/v2\/types\/product"}],"wp:featuredmedia":[{"embeddable":true,"href":"https:\/\/sonifer.az\/index.php?rest_route=\/wp\/v2\/media\/7219"}],"wp:attachment":[{"href":"https:\/\/sonifer.az\/index.php?rest_route=%2Fwp%2Fv2%2Fmedia&parent=7218"}],"wp:term":[{"taxonomy":"product_cat","embeddable":true,"href":"https:\/\/sonifer.az\/index.php?rest_route=%2Fwp%2Fv2%2Fproduct_cat&post=7218"},{"taxonomy":"product_tag","embeddable":true,"href":"https:\/\/sonifer.az\/index.php?rest_route=%2Fwp%2Fv2%2Fproduct_tag&post=7218"}],"curies":[{"name":"wp","href":"https:\/\/api.w.org\/{rel}","templated":true}]}}