{"id":7225,"date":"2022-02-02T15:21:08","date_gmt":"2022-02-02T11:21:08","guid":{"rendered":"https:\/\/sonifer.az\/?post_type=product&#038;p=7225"},"modified":"2023-05-10T14:22:35","modified_gmt":"2023-05-10T10:22:35","slug":"buxarli-utu-sonifer-sf-9077-2","status":"publish","type":"product","link":"https:\/\/sonifer.az\/?product=buxarli-utu-sonifer-sf-9077-2","title":{"rendered":"Buxarl\u0131 \u00fct\u00fc Sonifer SF-9076"},"content":{"rendered":"","protected":false},"excerpt":{"rendered":"","protected":false},"featured_media":7226,"template":"","meta":[],"product_cat":[241],"product_tag":[],"_links":{"self":[{"href":"https:\/\/sonifer.az\/index.php?rest_route=\/wp\/v2\/product\/7225"}],"collection":[{"href":"https:\/\/sonifer.az\/index.php?rest_route=\/wp\/v2\/product"}],"about":[{"href":"https:\/\/sonifer.az\/index.php?rest_route=\/wp\/v2\/types\/product"}],"wp:featuredmedia":[{"embeddable":true,"href":"https:\/\/sonifer.az\/index.php?rest_route=\/wp\/v2\/media\/7226"}],"wp:attachment":[{"href":"https:\/\/sonifer.az\/index.php?rest_route=%2Fwp%2Fv2%2Fmedia&parent=7225"}],"wp:term":[{"taxonomy":"product_cat","embeddable":true,"href":"https:\/\/sonifer.az\/index.php?rest_route=%2Fwp%2Fv2%2Fproduct_cat&post=7225"},{"taxonomy":"product_tag","embeddable":true,"href":"https:\/\/sonifer.az\/index.php?rest_route=%2Fwp%2Fv2%2Fproduct_tag&post=7225"}],"curies":[{"name":"wp","href":"https:\/\/api.w.org\/{rel}","templated":true}]}}