{"id":7240,"date":"2022-02-02T16:40:44","date_gmt":"2022-02-02T12:40:44","guid":{"rendered":"https:\/\/sonifer.az\/?post_type=product&#038;p=7240"},"modified":"2022-02-02T16:40:45","modified_gmt":"2022-02-02T12:40:45","slug":"dograyici-sonifer-sf-8078","status":"publish","type":"product","link":"https:\/\/sonifer.az\/?product=dograyici-sonifer-sf-8078","title":{"rendered":"Do\u011fray\u0131c\u0131 Sonifer SF-8078"},"content":{"rendered":"","protected":false},"excerpt":{"rendered":"","protected":false},"featured_media":7241,"template":"","meta":[],"product_cat":[236],"product_tag":[],"_links":{"self":[{"href":"https:\/\/sonifer.az\/index.php?rest_route=\/wp\/v2\/product\/7240"}],"collection":[{"href":"https:\/\/sonifer.az\/index.php?rest_route=\/wp\/v2\/product"}],"about":[{"href":"https:\/\/sonifer.az\/index.php?rest_route=\/wp\/v2\/types\/product"}],"wp:featuredmedia":[{"embeddable":true,"href":"https:\/\/sonifer.az\/index.php?rest_route=\/wp\/v2\/media\/7241"}],"wp:attachment":[{"href":"https:\/\/sonifer.az\/index.php?rest_route=%2Fwp%2Fv2%2Fmedia&parent=7240"}],"wp:term":[{"taxonomy":"product_cat","embeddable":true,"href":"https:\/\/sonifer.az\/index.php?rest_route=%2Fwp%2Fv2%2Fproduct_cat&post=7240"},{"taxonomy":"product_tag","embeddable":true,"href":"https:\/\/sonifer.az\/index.php?rest_route=%2Fwp%2Fv2%2Fproduct_tag&post=7240"}],"curies":[{"name":"wp","href":"https:\/\/api.w.org\/{rel}","templated":true}]}}